{"id":963,"date":"2020-11-24T10:37:36","date_gmt":"2020-11-24T10:37:36","guid":{"rendered":"http:\/\/muelltonnenbox-buildyourbox.de\/?post_type=product&#038;p=963"},"modified":"2021-03-14T17:07:20","modified_gmt":"2021-03-14T17:07:20","slug":"gartenschraenke","status":"publish","type":"product","link":"https:\/\/buildyourbox.online\/?product=gartenschraenke","title":{"rendered":"Garten und Terrassenschr\u00e4nke"},"content":{"rendered":"<h4 style=\"text-align: center;\">Unsere Schr\u00e4nke (8004) f\u00fcr den Garten sehen nicht nur sch\u00f6n aus, sie sind auch gut durchdacht und kombinierbar&#8230;.<\/h4>\n<h4 style=\"text-align: center;\"><strong>Preise variieren je nach Ausf\u00fchrung, bitte sprechen Sie uns an!<\/strong><\/h4>\n","protected":false},"excerpt":{"rendered":"<h4 style=\"text-align: center;\">Ihre Terrasse oder Ihr Garten braucht einen Schrank?<\/h4>\n<h4 style=\"text-align: center;\">Wir haben viele M\u00f6glichkeiten f\u00fcr Sie! Die Farbe oder auch eine Folie k\u00f6nnen Sie nat\u00fcrlich individuell ausw\u00e4hlen&#8230;<\/h4>\n<h4 style=\"text-align: center;\"><strong>Preise variieren je nach Ausf\u00fchrung, bitte sprechen Sie uns an!<\/strong><\/h4>\n","protected":false},"featured_media":967,"template":"","meta":[],"_links":{"self":[{"href":"https:\/\/buildyourbox.online\/index.php?rest_route=\/wp\/v2\/product\/963"}],"collection":[{"href":"https:\/\/buildyourbox.online\/index.php?rest_route=\/wp\/v2\/product"}],"about":[{"href":"https:\/\/buildyourbox.online\/index.php?rest_route=\/wp\/v2\/types\/product"}],"wp:featuredmedia":[{"embeddable":true,"href":"https:\/\/buildyourbox.online\/index.php?rest_route=\/wp\/v2\/media\/967"}],"wp:attachment":[{"href":"https:\/\/buildyourbox.online\/index.php?rest_route=%2Fwp%2Fv2%2Fmedia&parent=963"}],"curies":[{"name":"wp","href":"https:\/\/api.w.org\/{rel}","templated":true}]}}